{"id":2338,"date":"2020-02-05T18:05:15","date_gmt":"2020-02-05T17:05:15","guid":{"rendered":"https:\/\/www.edifiko.fr\/?page_id=2338"},"modified":"2023-02-24T13:42:17","modified_gmt":"2023-02-24T12:42:17","slug":"clients-partenaires","status":"publish","type":"page","link":"https:\/\/www.edifiko.fr\/es\/clients-partenaires\/","title":{"rendered":"Clientes y provedores"},"content":{"rendered":"<p><\/p>\n<ul>\n<li>Caisse d\u2019Epargne, Cabinet d\u2019Assurances Vincent en Bayonne, Sogeca (servicios contables y legales), letrado certificador, top\u00f3grafos locales<\/li>\n<li>Ingenier\u00edas t\u00e9cnicas variadas en geot\u00e9cnica, estructuras, fluidos y estudios t\u00e9rmicos, locales.<\/li>\n<li>Varias empresas francesas, espa\u00f1olas y portuguesas.<\/li>\n<\/ul>\n<p><\/p>","protected":false},"excerpt":{"rendered":"<p>Caisse d\u2019Epargne, Cabinet d\u2019Assurances Vincent en Bayonne, Sogeca (servicios contables y legales), letrado certificador, top\u00f3grafos locales Ingenier\u00edas t\u00e9cnicas variadas en geot\u00e9cnica, estructuras, fluidos y estudios t\u00e9rmicos, locales. Varias empresas francesas, espa\u00f1olas y portuguesas.<\/p>\n","protected":false},"author":1,"featured_media":0,"parent":0,"menu_order":0,"comment_status":"closed","ping_status":"closed","template":"page-partenaires.php","meta":{"_acf_changed":false,"footnotes":""},"class_list":["post-2338","page","type-page","status-publish","hentry"],"acf":[],"yoast_head":"<!-- This site is optimized with the Yoast SEO plugin v27.5 - https:\/\/yoast.com\/product\/yoast-seo-wordpress\/ -->\n<title>Clientes y provedores - Edifiko<\/title>\n<meta name=\"robots\" content=\"index, follow, max-snippet:-1, max-image-preview:large, max-video-preview:-1\" \/>\n<link rel=\"canonical\" href=\"https:\/\/www.edifiko.fr\/clients-partenaires\/\" \/>\n<meta property=\"og:locale\" content=\"es_ES\" \/>\n<meta property=\"og:type\" content=\"article\" \/>\n<meta property=\"og:title\" content=\"[:fr]Clients &amp; Partenaires[:es]Clientes y provedores[:en]Customer &amp; Partners[:] - Edifiko\" \/>\n<meta property=\"og:description\" content=\"Caisse d\u2019Epargne, Cabinet d\u2019Assurances Vincent en Bayonne, Sogeca (servicios contables y legales), letrado certificador, top\u00f3grafos locales Ingenier\u00edas t\u00e9cnicas variadas en geot\u00e9cnica, estructuras, fluidos y estudios t\u00e9rmicos, locales. Varias empresas francesas, espa\u00f1olas y portuguesas.\" \/>\n<meta property=\"og:url\" content=\"https:\/\/www.edifiko.fr\/clients-partenaires\/\" \/>\n<meta property=\"og:site_name\" content=\"Edifiko\" \/>\n<meta property=\"article:modified_time\" content=\"2023-02-24T12:42:17+00:00\" \/>\n<meta name=\"twitter:card\" content=\"summary_large_image\" \/>\n<meta name=\"twitter:label1\" content=\"Tiempo de lectura\" \/>\n\t<meta name=\"twitter:data1\" content=\"1 minuto\" \/>\n<script type=\"application\/ld+json\" class=\"yoast-schema-graph\">{\"@context\":\"https:\\\/\\\/schema.org\",\"@graph\":[{\"@type\":\"WebPage\",\"@id\":\"https:\\\/\\\/www.edifiko.fr\\\/clients-partenaires\\\/\",\"url\":\"https:\\\/\\\/www.edifiko.fr\\\/clients-partenaires\\\/\",\"name\":\"[:fr]Clients & Partenaires[:es]Clientes y provedores[:en]Customer & Partners[:] - Edifiko\",\"isPartOf\":{\"@id\":\"https:\\\/\\\/www.edifiko.fr\\\/#website\"},\"datePublished\":\"2020-02-05T17:05:15+00:00\",\"dateModified\":\"2023-02-24T12:42:17+00:00\",\"breadcrumb\":{\"@id\":\"https:\\\/\\\/www.edifiko.fr\\\/clients-partenaires\\\/#breadcrumb\"},\"inLanguage\":\"es\",\"potentialAction\":[{\"@type\":\"ReadAction\",\"target\":[\"https:\\\/\\\/www.edifiko.fr\\\/clients-partenaires\\\/\"]}]},{\"@type\":\"BreadcrumbList\",\"@id\":\"https:\\\/\\\/www.edifiko.fr\\\/clients-partenaires\\\/#breadcrumb\",\"itemListElement\":[{\"@type\":\"ListItem\",\"position\":1,\"name\":\"Accueil\",\"item\":\"https:\\\/\\\/www.edifiko.fr\\\/\"},{\"@type\":\"ListItem\",\"position\":2,\"name\":\"Clients &#038; Partenaires\"}]},{\"@type\":\"WebSite\",\"@id\":\"https:\\\/\\\/www.edifiko.fr\\\/#website\",\"url\":\"https:\\\/\\\/www.edifiko.fr\\\/\",\"name\":\"Edifiko\",\"description\":\"Empresa contratista general de construcci\u00f3n\",\"publisher\":{\"@id\":\"https:\\\/\\\/www.edifiko.fr\\\/#organization\"},\"potentialAction\":[{\"@type\":\"SearchAction\",\"target\":{\"@type\":\"EntryPoint\",\"urlTemplate\":\"https:\\\/\\\/www.edifiko.fr\\\/?s={search_term_string}\"},\"query-input\":{\"@type\":\"PropertyValueSpecification\",\"valueRequired\":true,\"valueName\":\"search_term_string\"}}],\"inLanguage\":\"es\"},{\"@type\":\"Organization\",\"@id\":\"https:\\\/\\\/www.edifiko.fr\\\/#organization\",\"name\":\"Edifiko SAS\",\"url\":\"https:\\\/\\\/www.edifiko.fr\\\/\",\"logo\":{\"@type\":\"ImageObject\",\"inLanguage\":\"es\",\"@id\":\"https:\\\/\\\/www.edifiko.fr\\\/#\\\/schema\\\/logo\\\/image\\\/\",\"url\":\"https:\\\/\\\/www.edifiko.fr\\\/wp-content\\\/uploads\\\/2020\\\/03\\\/logo-edifiko.jpg\",\"contentUrl\":\"https:\\\/\\\/www.edifiko.fr\\\/wp-content\\\/uploads\\\/2020\\\/03\\\/logo-edifiko.jpg\",\"width\":150,\"height\":150,\"caption\":\"Edifiko SAS\"},\"image\":{\"@id\":\"https:\\\/\\\/www.edifiko.fr\\\/#\\\/schema\\\/logo\\\/image\\\/\"}}]}<\/script>\n<!-- \/ Yoast SEO plugin. -->","yoast_head_json":{"title":"[:fr]Clients & Partenaires[:es]Clientes y provedores[:en]Customer & Partners[:] - Edifiko","robots":{"index":"index","follow":"follow","max-snippet":"max-snippet:-1","max-image-preview":"max-image-preview:large","max-video-preview":"max-video-preview:-1"},"canonical":"https:\/\/www.edifiko.fr\/clients-partenaires\/","og_locale":"es_ES","og_type":"article","og_title":"[:fr]Clients & Partenaires[:es]Clientes y provedores[:en]Customer & Partners[:] - Edifiko","og_description":"Caisse d\u2019Epargne, Cabinet d\u2019Assurances Vincent en Bayonne, Sogeca (servicios contables y legales), letrado certificador, top\u00f3grafos locales Ingenier\u00edas t\u00e9cnicas variadas en geot\u00e9cnica, estructuras, fluidos y estudios t\u00e9rmicos, locales. Varias empresas francesas, espa\u00f1olas y portuguesas.","og_url":"https:\/\/www.edifiko.fr\/clients-partenaires\/","og_site_name":"Edifiko","article_modified_time":"2023-02-24T12:42:17+00:00","twitter_card":"summary_large_image","twitter_misc":{"Tiempo de lectura":"1 minuto"},"schema":{"@context":"https:\/\/schema.org","@graph":[{"@type":"WebPage","@id":"https:\/\/www.edifiko.fr\/clients-partenaires\/","url":"https:\/\/www.edifiko.fr\/clients-partenaires\/","name":"[:fr]Clients & Partenaires[:es]Clientes y provedores[:en]Customer & Partners[:] - Edifiko","isPartOf":{"@id":"https:\/\/www.edifiko.fr\/#website"},"datePublished":"2020-02-05T17:05:15+00:00","dateModified":"2023-02-24T12:42:17+00:00","breadcrumb":{"@id":"https:\/\/www.edifiko.fr\/clients-partenaires\/#breadcrumb"},"inLanguage":"es","potentialAction":[{"@type":"ReadAction","target":["https:\/\/www.edifiko.fr\/clients-partenaires\/"]}]},{"@type":"BreadcrumbList","@id":"https:\/\/www.edifiko.fr\/clients-partenaires\/#breadcrumb","itemListElement":[{"@type":"ListItem","position":1,"name":"Accueil","item":"https:\/\/www.edifiko.fr\/"},{"@type":"ListItem","position":2,"name":"Clients &#038; Partenaires"}]},{"@type":"WebSite","@id":"https:\/\/www.edifiko.fr\/#website","url":"https:\/\/www.edifiko.fr\/","name":"Edifiko","description":"Empresa contratista general de construcci\u00f3n","publisher":{"@id":"https:\/\/www.edifiko.fr\/#organization"},"potentialAction":[{"@type":"SearchAction","target":{"@type":"EntryPoint","urlTemplate":"https:\/\/www.edifiko.fr\/?s={search_term_string}"},"query-input":{"@type":"PropertyValueSpecification","valueRequired":true,"valueName":"search_term_string"}}],"inLanguage":"es"},{"@type":"Organization","@id":"https:\/\/www.edifiko.fr\/#organization","name":"Edifiko SAS","url":"https:\/\/www.edifiko.fr\/","logo":{"@type":"ImageObject","inLanguage":"es","@id":"https:\/\/www.edifiko.fr\/#\/schema\/logo\/image\/","url":"https:\/\/www.edifiko.fr\/wp-content\/uploads\/2020\/03\/logo-edifiko.jpg","contentUrl":"https:\/\/www.edifiko.fr\/wp-content\/uploads\/2020\/03\/logo-edifiko.jpg","width":150,"height":150,"caption":"Edifiko SAS"},"image":{"@id":"https:\/\/www.edifiko.fr\/#\/schema\/logo\/image\/"}}]}},"_links":{"self":[{"href":"https:\/\/www.edifiko.fr\/es\/wp-json\/wp\/v2\/pages\/2338","targetHints":{"allow":["GET"]}}],"collection":[{"href":"https:\/\/www.edifiko.fr\/es\/wp-json\/wp\/v2\/pages"}],"about":[{"href":"https:\/\/www.edifiko.fr\/es\/wp-json\/wp\/v2\/types\/page"}],"author":[{"embeddable":true,"href":"https:\/\/www.edifiko.fr\/es\/wp-json\/wp\/v2\/users\/1"}],"replies":[{"embeddable":true,"href":"https:\/\/www.edifiko.fr\/es\/wp-json\/wp\/v2\/comments?post=2338"}],"version-history":[{"count":21,"href":"https:\/\/www.edifiko.fr\/es\/wp-json\/wp\/v2\/pages\/2338\/revisions"}],"predecessor-version":[{"id":2960,"href":"https:\/\/www.edifiko.fr\/es\/wp-json\/wp\/v2\/pages\/2338\/revisions\/2960"}],"wp:attachment":[{"href":"https:\/\/www.edifiko.fr\/es\/wp-json\/wp\/v2\/media?parent=2338"}],"curies":[{"name":"wp","href":"https:\/\/api.w.org\/{rel}","templated":true}]}}